{"id":2457,"date":"2021-11-24T17:48:19","date_gmt":"2021-11-24T16:48:19","guid":{"rendered":"https:\/\/managingnewsroomdiversity.com\/kontakt\/"},"modified":"2025-01-11T08:16:12","modified_gmt":"2025-01-11T07:16:12","slug":"kontakt","status":"publish","type":"page","link":"https:\/\/managingnewsroomdiversity.com\/pl\/kontakt\/","title":{"rendered":"Kontakt"},"content":{"rendered":"<p>[et_pb_section fb_built=&#8221;1&#8243; admin_label=&#8221;Speakers&#8221; _builder_version=&#8221;4.16&#8243; background_image=&#8221;https:\/\/managingnewsroomdiversity.com\/wp-content\/uploads\/2021\/11\/bg-4.png&#8221; background_size=&#8221;initial&#8221; background_position=&#8221;top_left&#8221; custom_padding=&#8221;||||false|false&#8221; locked=&#8221;off&#8221; global_colors_info=&#8221;{}&#8221;][et_pb_row _builder_version=&#8221;4.16&#8243; global_colors_info=&#8221;{}&#8221;][et_pb_column type=&#8221;4_4&#8243; _builder_version=&#8221;4.16&#8243; custom_padding=&#8221;|||&#8221; global_colors_info=&#8221;{}&#8221; custom_padding__hover=&#8221;|||&#8221;][et_pb_text _builder_version=&#8221;4.16&#8243; text_font=&#8221;||||||||&#8221; text_font_size=&#8221;20px&#8221; text_line_height=&#8221;1.9em&#8221; header_font=&#8221;||||||||&#8221; header_2_font=&#8221;Roboto|300|||||||&#8221; header_2_text_color=&#8221;#999999&#8243; header_2_font_size=&#8221;53px&#8221; header_2_line_height=&#8221;1.2em&#8221; max_width=&#8221;100%&#8221; max_width_tablet=&#8221;&#8221; max_width_phone=&#8221;&#8221; max_width_last_edited=&#8221;on|desktop&#8221; header_2_font_size_tablet=&#8221;40px&#8221; header_2_font_size_phone=&#8221;32px&#8221; header_2_font_size_last_edited=&#8221;on|phone&#8221; locked=&#8221;off&#8221; global_colors_info=&#8221;{}&#8221;]<\/p>\n<h2 style=\"text-align: center;\">Kontakt<\/h2>\n<p style=\"text-align: center;\">[\/et_pb_text][\/et_pb_column][\/et_pb_row][\/et_pb_section][et_pb_section fb_built=&#8221;1&#8243; admin_label=&#8221;Contact Info&#8221; _builder_version=&#8221;4.16&#8243; global_colors_info=&#8221;{}&#8221;][et_pb_row column_structure=&#8221;1_3,1_3,1_3&#8243; _builder_version=&#8221;4.16&#8243; locked=&#8221;off&#8221; global_colors_info=&#8221;{}&#8221;][et_pb_column type=&#8221;1_3&#8243; _builder_version=&#8221;4.16&#8243; custom_padding=&#8221;|||&#8221; global_colors_info=&#8221;{}&#8221; custom_padding__hover=&#8221;|||&#8221;][et_pb_team_member name=&#8221;dr Greta Gober&#8221; position=&#8221;Kierowniczka projektu (PI) &#8221; _builder_version=&#8221;4.16&#8243; header_level=&#8221;h5&#8243; header_font=&#8221;Roboto||||||||&#8221; header_font_size=&#8221;24px&#8221; header_line_height=&#8221;1.2em&#8221; body_font=&#8221;||||||||&#8221; body_font_size=&#8221;16px&#8221; body_line_height=&#8221;1.9em&#8221; position_font=&#8221;|600|||||||&#8221; position_text_color=&#8221;#000000&#8243; position_font_size=&#8221;20px&#8221; custom_margin=&#8221;||15px|||&#8221; animation_style=&#8221;zoom&#8221; animation_direction=&#8221;bottom&#8221; animation_delay=&#8221;150ms&#8221; animation_intensity_zoom=&#8221;10%&#8221; locked=&#8221;off&#8221; global_colors_info=&#8221;{}&#8221; custom_padding=&#8221;0px|||||&#8221;]<\/p>\n<p>Wydzia\u0142 Dziennikarstwa, Informacji i Bibliologii Uniwersytetu Warszawskiego<\/p>\n<p>[\/et_pb_team_member][et_pb_blurb url=&#8221;mailto:g.gober@uw.edu.pl&#8221; use_icon=&#8221;on&#8221; font_icon=&#8221;&#xe076;||divi||400&#8243; icon_color=&#8221;#2e3192&#8243; icon_placement=&#8221;left&#8221; image_icon_width=&#8221;32px&#8221; _builder_version=&#8221;4.16&#8243; _module_preset=&#8221;default&#8221; body_text_color=&#8221;#000000&#8243; body_font_size=&#8221;16px&#8221; global_colors_info=&#8221;{}&#8221;]<\/p>\n<p><span style=\"color: #808080;\"><a href=\"mailto:g.gober@uw.edu.pl\" style=\"color: #808080;\">g.gober@uw.edu.pl<\/a><\/span><\/p>\n<p>[\/et_pb_blurb][\/et_pb_column][et_pb_column type=&#8221;1_3&#8243; _builder_version=&#8221;4.16&#8243; custom_padding=&#8221;|||&#8221; global_colors_info=&#8221;{}&#8221; custom_padding__hover=&#8221;|||&#8221;][\/et_pb_column][et_pb_column type=&#8221;1_3&#8243; _builder_version=&#8221;4.16&#8243; custom_padding=&#8221;|||&#8221; global_colors_info=&#8221;{}&#8221; custom_padding__hover=&#8221;|||&#8221;][et_pb_team_member name=&#8221;dr hab. dr hab. Anna Jupowicz-Ginalska &#8221; position=&#8221;Wsp\u00f3\u0142badaczka (Co-Investigator)&#8221; _builder_version=&#8221;4.18.0&#8243; header_level=&#8221;h5&#8243; header_font=&#8221;Roboto||||||||&#8221; header_font_size=&#8221;24px&#8221; header_line_height=&#8221;1.2em&#8221; body_font=&#8221;||||||||&#8221; body_font_size=&#8221;16px&#8221; body_line_height=&#8221;1.9em&#8221; position_font=&#8221;|600|||||||&#8221; position_text_color=&#8221;#000000&#8243; position_font_size=&#8221;20px&#8221; custom_margin=&#8221;||15px|||&#8221; animation_style=&#8221;zoom&#8221; animation_direction=&#8221;bottom&#8221; animation_delay=&#8221;150ms&#8221; animation_intensity_zoom=&#8221;10%&#8221; global_colors_info=&#8221;{}&#8221;]<\/p>\n<p>Wydzia\u0142 Dziennikarstwa, Informacji i Bibliologii Uniwersytetu Warszawskiego<\/p>\n<p>[\/et_pb_team_member][et_pb_blurb url=&#8221;mailto:malgorzata.druciarek@isp.org.pl&#8221; use_icon=&#8221;on&#8221; font_icon=&#8221;&#xe076;||divi||400&#8243; icon_color=&#8221;#2e3192&#8243; icon_placement=&#8221;left&#8221; image_icon_width=&#8221;32px&#8221; _builder_version=&#8221;4.18.0&#8243; _module_preset=&#8221;default&#8221; body_text_color=&#8221;#000000&#8243; body_font_size=&#8221;16px&#8221; locked=&#8221;off&#8221; global_colors_info=&#8221;{}&#8221;]<\/p>\n<p>a.ginalska@uw.edu.pl<\/p>\n<p>[\/et_pb_blurb][\/et_pb_column][\/et_pb_row][\/et_pb_section][et_pb_section fb_built=&#8221;1&#8243; admin_label=&#8221;Contact Form&#8221; _builder_version=&#8221;4.16&#8243; background_color_gradient_direction=&#8221;90deg&#8221; background_image=&#8221;https:\/\/managingnewsroomdiversity.com\/wp-content\/uploads\/2021\/11\/bg-4.png&#8221; background_size=&#8221;initial&#8221; background_position=&#8221;bottom_right&#8221; custom_padding=&#8221;54px|0px|100px|0px|false|false&#8221; global_colors_info=&#8221;{}&#8221;][et_pb_row _builder_version=&#8221;4.16&#8243; global_colors_info=&#8221;{}&#8221;][et_pb_column type=&#8221;4_4&#8243; _builder_version=&#8221;4.16&#8243; custom_padding=&#8221;|||&#8221; global_colors_info=&#8221;{}&#8221; custom_padding__hover=&#8221;|||&#8221;][et_pb_text _builder_version=&#8221;4.16&#8243; text_font=&#8221;||||||||&#8221; text_font_size=&#8221;20px&#8221; text_line_height=&#8221;1.9em&#8221; header_font=&#8221;||||||||&#8221; header_2_font=&#8221;Roboto|300|||||||&#8221; header_2_font_size=&#8221;50px&#8221; header_2_line_height=&#8221;1.2em&#8221; text_orientation=&#8221;center&#8221; max_width=&#8221;700px&#8221; max_width_tablet=&#8221;&#8221; max_width_phone=&#8221;&#8221; max_width_last_edited=&#8221;on|desktop&#8221; module_alignment=&#8221;center&#8221; header_2_font_size_tablet=&#8221;40px&#8221; header_2_font_size_phone=&#8221;32px&#8221; header_2_font_size_last_edited=&#8221;on|phone&#8221; locked=&#8221;off&#8221; global_colors_info=&#8221;{}&#8221;]<\/p>\n<h2>Napisz do nas<\/h2>\n<p>[\/et_pb_text][et_pb_contact_form use_spam_service=&#8221;on&#8221; recaptcha_list=&#8221;default-0&#8243; email=&#8221;g.gober@uw.edu.pl&#8221; submit_button_text=&#8221;Wy\u015blij wiadomo\u015b\u0107&#8221; module_id=&#8221;et_pb_contact_form_0&#8243; _builder_version=&#8221;4.17.4&#8243; _unique_id=&#8221;b680a623-2c82-46c4-b1ab-eda7cdaafafb&#8221; title_level=&#8221;h2&#8243; title_font=&#8221;Roboto|300|||||||&#8221; title_text_align=&#8221;center&#8221; title_text_color=&#8221;#000000&#8243; title_font_size=&#8221;50px&#8221; title_line_height=&#8221;1.2em&#8221; form_field_font=&#8221;Roboto||||||||&#8221; form_field_font_size=&#8221;20px&#8221; form_field_line_height=&#8221;1.8em&#8221; custom_button=&#8221;on&#8221; button_text_size=&#8221;14px&#8221; button_text_color=&#8221;#ffffff&#8221; button_bg_color=&#8221;#2e3192&#8243; button_border_width=&#8221;10px&#8221; button_border_color=&#8221;rgba(0,0,0,0)&#8221; button_border_radius=&#8221;100px&#8221; button_letter_spacing=&#8221;3px&#8221; button_font=&#8221;Roboto|700||on|||||&#8221; global_colors_info=&#8221;{}&#8221;][et_pb_contact_field field_id=&#8221;Name&#8221; field_title=&#8221;Imi\u0119&#8221; _builder_version=&#8221;4.16&#8243; form_field_background_color=&#8221;#f7f7f7&#8243; form_field_text_color=&#8221;#000000&#8243; form_field_font_size=&#8221;16px&#8221; border_color_all=&#8221;#ffffff&#8221; field_background_color=&#8221;#f7f7f7&#8243; global_colors_info=&#8221;{}&#8221; button_text_size__hover_enabled=&#8221;off&#8221; button_one_text_size__hover_enabled=&#8221;off&#8221; button_two_text_size__hover_enabled=&#8221;off&#8221; button_text_color__hover_enabled=&#8221;off&#8221; button_one_text_color__hover_enabled=&#8221;off&#8221; button_two_text_color__hover_enabled=&#8221;off&#8221; button_border_width__hover_enabled=&#8221;off&#8221; button_one_border_width__hover_enabled=&#8221;off&#8221; button_two_border_width__hover_enabled=&#8221;off&#8221; button_border_color__hover_enabled=&#8221;off&#8221; button_one_border_color__hover_enabled=&#8221;off&#8221; button_two_border_color__hover_enabled=&#8221;off&#8221; button_border_radius__hover_enabled=&#8221;off&#8221; button_one_border_radius__hover_enabled=&#8221;off&#8221; button_two_border_radius__hover_enabled=&#8221;off&#8221; button_letter_spacing__hover_enabled=&#8221;off&#8221; button_one_letter_spacing__hover_enabled=&#8221;off&#8221; button_two_letter_spacing__hover_enabled=&#8221;off&#8221; button_bg_color__hover_enabled=&#8221;off&#8221; button_one_bg_color__hover_enabled=&#8221;off&#8221; button_two_bg_color__hover_enabled=&#8221;off&#8221;][\/et_pb_contact_field][et_pb_contact_field field_id=&#8221;Email&#8221; field_title=&#8221;Adres mailowy&#8221; field_type=&#8221;email&#8221; _builder_version=&#8221;4.16&#8243; form_field_background_color=&#8221;#f7f7f7&#8243; form_field_text_color=&#8221;#000000&#8243; form_field_font_size=&#8221;16px&#8221; border_color_all=&#8221;#ffffff&#8221; field_background_color=&#8221;#f7f7f7&#8243; global_colors_info=&#8221;{}&#8221; button_text_size__hover_enabled=&#8221;off&#8221; button_one_text_size__hover_enabled=&#8221;off&#8221; button_two_text_size__hover_enabled=&#8221;off&#8221; button_text_color__hover_enabled=&#8221;off&#8221; button_one_text_color__hover_enabled=&#8221;off&#8221; button_two_text_color__hover_enabled=&#8221;off&#8221; button_border_width__hover_enabled=&#8221;off&#8221; button_one_border_width__hover_enabled=&#8221;off&#8221; button_two_border_width__hover_enabled=&#8221;off&#8221; button_border_color__hover_enabled=&#8221;off&#8221; button_one_border_color__hover_enabled=&#8221;off&#8221; button_two_border_color__hover_enabled=&#8221;off&#8221; button_border_radius__hover_enabled=&#8221;off&#8221; button_one_border_radius__hover_enabled=&#8221;off&#8221; button_two_border_radius__hover_enabled=&#8221;off&#8221; button_letter_spacing__hover_enabled=&#8221;off&#8221; button_one_letter_spacing__hover_enabled=&#8221;off&#8221; button_two_letter_spacing__hover_enabled=&#8221;off&#8221; button_bg_color__hover_enabled=&#8221;off&#8221; button_one_bg_color__hover_enabled=&#8221;off&#8221; button_two_bg_color__hover_enabled=&#8221;off&#8221;][\/et_pb_contact_field][et_pb_contact_field field_id=&#8221;Message&#8221; field_title=&#8221;Wiadomo\u015b\u0107&#8221; field_type=&#8221;text&#8221; fullwidth_field=&#8221;on&#8221; _builder_version=&#8221;4.16&#8243; form_field_background_color=&#8221;#f7f7f7&#8243; form_field_text_color=&#8221;#000000&#8243; form_field_font_size=&#8221;16px&#8221; border_color_all=&#8221;#ffffff&#8221; field_background_color=&#8221;#f7f7f7&#8243; global_colors_info=&#8221;{}&#8221; button_text_size__hover_enabled=&#8221;off&#8221; button_one_text_size__hover_enabled=&#8221;off&#8221; button_two_text_size__hover_enabled=&#8221;off&#8221; button_text_color__hover_enabled=&#8221;off&#8221; button_one_text_color__hover_enabled=&#8221;off&#8221; button_two_text_color__hover_enabled=&#8221;off&#8221; button_border_width__hover_enabled=&#8221;off&#8221; button_one_border_width__hover_enabled=&#8221;off&#8221; button_two_border_width__hover_enabled=&#8221;off&#8221; button_border_color__hover_enabled=&#8221;off&#8221; button_one_border_color__hover_enabled=&#8221;off&#8221; button_two_border_color__hover_enabled=&#8221;off&#8221; button_border_radius__hover_enabled=&#8221;off&#8221; button_one_border_radius__hover_enabled=&#8221;off&#8221; button_two_border_radius__hover_enabled=&#8221;off&#8221; button_letter_spacing__hover_enabled=&#8221;off&#8221; button_one_letter_spacing__hover_enabled=&#8221;off&#8221; button_two_letter_spacing__hover_enabled=&#8221;off&#8221; button_bg_color__hover_enabled=&#8221;off&#8221; button_one_bg_color__hover_enabled=&#8221;off&#8221; button_two_bg_color__hover_enabled=&#8221;off&#8221;][\/et_pb_contact_field][\/et_pb_contact_form][\/et_pb_column][\/et_pb_row][\/et_pb_section]<\/p>\n","protected":false},"excerpt":{"rendered":"<p>Kontakt Wydzia\u0142 Dziennikarstwa, Informacji i Bibliologii Uniwersytetu Warszawskiegog.gober@uw.edu.plWydzia\u0142 Dziennikarstwa, Informacji i Bibliologii Uniwersytetu Warszawskiegoa.ginalska@uw.edu.plNapisz do nas<\/p>\n","protected":false},"author":1,"featured_media":0,"parent":0,"menu_order":0,"comment_status":"closed","ping_status":"closed","template":"","meta":{"_et_pb_use_builder":"on","_et_pb_old_content":"","_et_gb_content_width":"","footnotes":""},"class_list":["post-2457","page","type-page","status-publish","hentry"],"_links":{"self":[{"href":"https:\/\/managingnewsroomdiversity.com\/pl\/wp-json\/wp\/v2\/pages\/2457"}],"collection":[{"href":"https:\/\/managingnewsroomdiversity.com\/pl\/wp-json\/wp\/v2\/pages"}],"about":[{"href":"https:\/\/managingnewsroomdiversity.com\/pl\/wp-json\/wp\/v2\/types\/page"}],"author":[{"embeddable":true,"href":"https:\/\/managingnewsroomdiversity.com\/pl\/wp-json\/wp\/v2\/users\/1"}],"replies":[{"embeddable":true,"href":"https:\/\/managingnewsroomdiversity.com\/pl\/wp-json\/wp\/v2\/comments?post=2457"}],"version-history":[{"count":5,"href":"https:\/\/managingnewsroomdiversity.com\/pl\/wp-json\/wp\/v2\/pages\/2457\/revisions"}],"predecessor-version":[{"id":3024,"href":"https:\/\/managingnewsroomdiversity.com\/pl\/wp-json\/wp\/v2\/pages\/2457\/revisions\/3024"}],"wp:attachment":[{"href":"https:\/\/managingnewsroomdiversity.com\/pl\/wp-json\/wp\/v2\/media?parent=2457"}],"curies":[{"name":"wp","href":"https:\/\/api.w.org\/{rel}","templated":true}]}}